{"id":568,"date":"2023-05-18T17:01:01","date_gmt":"2023-05-18T15:01:01","guid":{"rendered":"https:\/\/fabienlegeron.fr\/?page_id=568"},"modified":"2025-03-31T15:38:43","modified_gmt":"2025-03-31T13:38:43","slug":"brain-sucer-song-for-a-weeding","status":"publish","type":"page","link":"https:\/\/fabienlegeron.fr\/index.php\/du-cinematographe\/brain-sucer-song-for-a-weeding\/","title":{"rendered":"Brain\/Suc#er : Song For a Weeding"},"content":{"rendered":"\t\t<div data-elementor-type=\"wp-page\" data-elementor-id=\"568\" class=\"elementor elementor-568\">\n\t\t\t\t\t\t<section class=\"elementor-section elementor-top-section elementor-element elementor-element-4d2c34f3 elementor-section-full_width elementor-section-stretched elementor-section-height-default elementor-section-height-default\" data-id=\"4d2c34f3\" data-element_type=\"section\" data-e-type=\"section\" data-settings=\"{&quot;stretch_section&quot;:&quot;section-stretched&quot;}\">\n\t\t\t\t\t\t<div class=\"elementor-container elementor-column-gap-default\">\n\t\t\t\t\t<div class=\"elementor-column elementor-col-33 elementor-top-column elementor-element elementor-element-2fdb59a1\" data-id=\"2fdb59a1\" data-element_type=\"column\" data-e-type=\"column\">\n\t\t\t<div class=\"elementor-widget-wrap\">\n\t\t\t\t\t\t\t<\/div>\n\t\t<\/div>\n\t\t\t\t<div class=\"elementor-column elementor-col-33 elementor-top-column elementor-element elementor-element-13eec206\" data-id=\"13eec206\" data-element_type=\"column\" data-e-type=\"column\">\n\t\t\t<div class=\"elementor-widget-wrap elementor-element-populated\">\n\t\t\t\t\t\t<div class=\"elementor-element elementor-element-5ab7dee5 elementor-widget elementor-widget-video\" data-id=\"5ab7dee5\" data-element_type=\"widget\" data-e-type=\"widget\" data-settings=\"{&quot;video_type&quot;:&quot;vimeo&quot;}\" data-widget_type=\"video.default\">\n\t\t\t\t<div class=\"elementor-widget-container\">\n\t\t\t\t\t\t\t<div class=\"elementor-wrapper elementor-open-inline\">\n\t\t\t<iframe class=\"elementor-video-iframe\" allowfullscreen allow=\"clipboard-write\" title=\"Lecteur vid\u00e9o vimeo\" src=\"https:\/\/player.vimeo.com\/video\/145093966?color&amp;autopause=0&amp;loop=0&amp;muted=0&amp;title=1&amp;portrait=0&amp;byline=0#t=\"><\/iframe>\t\t<\/div>\n\t\t\t\t\t\t<\/div>\n\t\t\t\t<\/div>\n\t\t\t\t\t<\/div>\n\t\t<\/div>\n\t\t\t\t<div class=\"elementor-column elementor-col-33 elementor-top-column elementor-element elementor-element-326a7775\" data-id=\"326a7775\" data-element_type=\"column\" data-e-type=\"column\">\n\t\t\t<div class=\"elementor-widget-wrap\">\n\t\t\t\t\t\t\t<\/div>\n\t\t<\/div>\n\t\t\t\t\t<\/div>\n\t\t<\/section>\n\t\t\t\t<section class=\"elementor-section elementor-top-section elementor-element elementor-element-4ffbb6bb elementor-section-full_width elementor-section-stretched elementor-section-height-default elementor-section-height-default\" data-id=\"4ffbb6bb\" data-element_type=\"section\" data-e-type=\"section\" data-settings=\"{&quot;stretch_section&quot;:&quot;section-stretched&quot;}\">\n\t\t\t\t\t\t<div class=\"elementor-container elementor-column-gap-default\">\n\t\t\t\t\t<div class=\"elementor-column elementor-col-25 elementor-top-column elementor-element elementor-element-13cae2ee\" data-id=\"13cae2ee\" data-element_type=\"column\" data-e-type=\"column\">\n\t\t\t<div class=\"elementor-widget-wrap\">\n\t\t\t\t\t\t\t<\/div>\n\t\t<\/div>\n\t\t\t\t<div class=\"elementor-column elementor-col-25 elementor-top-column elementor-element elementor-element-48d04e60\" data-id=\"48d04e60\" data-element_type=\"column\" data-e-type=\"column\">\n\t\t\t<div class=\"elementor-widget-wrap elementor-element-populated\">\n\t\t\t\t\t\t<div class=\"elementor-element elementor-element-4414b10 elementor-widget elementor-widget-image\" data-id=\"4414b10\" data-element_type=\"widget\" data-e-type=\"widget\" data-widget_type=\"image.default\">\n\t\t\t\t<div class=\"elementor-widget-container\">\n\t\t\t\t\t\t\t\t\t\t\t\t\t\t\t<img fetchpriority=\"high\" decoding=\"async\" width=\"683\" height=\"1024\" src=\"https:\/\/fabienlegeron.fr\/wp-content\/uploads\/2023\/05\/IMG_3051SPICEflooded1-683x1024.jpg\" class=\"attachment-large size-large wp-image-703\" alt=\"\" srcset=\"https:\/\/fabienlegeron.fr\/wp-content\/uploads\/2023\/05\/IMG_3051SPICEflooded1-683x1024.jpg 683w, https:\/\/fabienlegeron.fr\/wp-content\/uploads\/2023\/05\/IMG_3051SPICEflooded1-200x300.jpg 200w, https:\/\/fabienlegeron.fr\/wp-content\/uploads\/2023\/05\/IMG_3051SPICEflooded1-768x1152.jpg 768w, https:\/\/fabienlegeron.fr\/wp-content\/uploads\/2023\/05\/IMG_3051SPICEflooded1-1024x1536.jpg 1024w, https:\/\/fabienlegeron.fr\/wp-content\/uploads\/2023\/05\/IMG_3051SPICEflooded1-1365x2048.jpg 1365w, https:\/\/fabienlegeron.fr\/wp-content\/uploads\/2023\/05\/IMG_3051SPICEflooded1-600x900.jpg 600w, https:\/\/fabienlegeron.fr\/wp-content\/uploads\/2023\/05\/IMG_3051SPICEflooded1-1200x1800.jpg 1200w, https:\/\/fabienlegeron.fr\/wp-content\/uploads\/2023\/05\/IMG_3051SPICEflooded1.jpg 1400w\" sizes=\"100vw\" \/>\t\t\t\t\t\t\t\t\t\t\t\t\t\t\t<\/div>\n\t\t\t\t<\/div>\n\t\t\t\t\t<\/div>\n\t\t<\/div>\n\t\t\t\t<div class=\"elementor-column elementor-col-25 elementor-top-column elementor-element elementor-element-5c98bad2\" data-id=\"5c98bad2\" data-element_type=\"column\" data-e-type=\"column\">\n\t\t\t<div class=\"elementor-widget-wrap elementor-element-populated\">\n\t\t\t\t\t\t<section class=\"elementor-section elementor-inner-section elementor-element elementor-element-4356f6e elementor-section-full_width elementor-section-height-default elementor-section-height-default\" data-id=\"4356f6e\" data-element_type=\"section\" data-e-type=\"section\">\n\t\t\t\t\t\t<div class=\"elementor-container elementor-column-gap-default\">\n\t\t\t\t\t<div class=\"elementor-column elementor-col-100 elementor-inner-column elementor-element elementor-element-3a0c9c36\" data-id=\"3a0c9c36\" data-element_type=\"column\" data-e-type=\"column\">\n\t\t\t<div class=\"elementor-widget-wrap elementor-element-populated\">\n\t\t\t\t\t\t<div class=\"elementor-element elementor-element-162ab361 elementor-drop-cap-yes elementor-drop-cap-view-default elementor-widget elementor-widget-text-editor\" data-id=\"162ab361\" data-element_type=\"widget\" data-e-type=\"widget\" data-settings=\"{&quot;drop_cap&quot;:&quot;yes&quot;}\" data-widget_type=\"text-editor.default\">\n\t\t\t\t<div class=\"elementor-widget-container\">\n\t\t\t\t\t\t\t\t\t<h1>bra!n\/suc#er &#8211; Song For a Weeding<\/h1>\t\t\t\t\t\t\t\t<\/div>\n\t\t\t\t<\/div>\n\t\t\t\t\t<\/div>\n\t\t<\/div>\n\t\t\t\t\t<\/div>\n\t\t<\/section>\n\t\t\t\t<section class=\"elementor-section elementor-inner-section elementor-element elementor-element-10edc965 elementor-section-full_width elementor-section-height-default elementor-section-height-default\" data-id=\"10edc965\" data-element_type=\"section\" data-e-type=\"section\">\n\t\t\t\t\t\t<div class=\"elementor-container elementor-column-gap-default\">\n\t\t\t\t\t<div class=\"elementor-column elementor-col-100 elementor-inner-column elementor-element elementor-element-580b2f19\" data-id=\"580b2f19\" data-element_type=\"column\" data-e-type=\"column\">\n\t\t\t<div class=\"elementor-widget-wrap elementor-element-populated\">\n\t\t\t\t\t\t<div class=\"elementor-element elementor-element-392b1315 elementor-widget elementor-widget-text-editor\" data-id=\"392b1315\" data-element_type=\"widget\" data-e-type=\"widget\" data-widget_type=\"text-editor.default\">\n\t\t\t\t<div class=\"elementor-widget-container\">\n\t\t\t\t\t\t\t\t\t<p><b><i>Voyages sur un spectrograme.<\/i><\/b><\/p><p><b><i>Clip pour le morceau \u00e9ponyme de bra!n\/suc#er.<\/i><\/b><\/p>\t\t\t\t\t\t\t\t<\/div>\n\t\t\t\t<\/div>\n\t\t\t\t<div class=\"elementor-element elementor-element-149a753 elementor-widget-divider--view-line elementor-widget elementor-widget-divider\" data-id=\"149a753\" data-element_type=\"widget\" data-e-type=\"widget\" data-widget_type=\"divider.default\">\n\t\t\t\t<div class=\"elementor-widget-container\">\n\t\t\t\t\t\t\t<div class=\"elementor-divider\">\n\t\t\t<span class=\"elementor-divider-separator\">\n\t\t\t\t\t\t<\/span>\n\t\t<\/div>\n\t\t\t\t\t\t<\/div>\n\t\t\t\t<\/div>\n\t\t\t\t<section class=\"elementor-section elementor-inner-section elementor-element elementor-element-6ecb74e7 elementor-section-full_width elementor-section-height-default elementor-section-height-default\" data-id=\"6ecb74e7\" data-element_type=\"section\" data-e-type=\"section\">\n\t\t\t\t\t\t<div class=\"elementor-container elementor-column-gap-default\">\n\t\t\t\t\t<div class=\"elementor-column elementor-col-50 elementor-inner-column elementor-element elementor-element-4628a67b\" data-id=\"4628a67b\" data-element_type=\"column\" data-e-type=\"column\">\n\t\t\t<div class=\"elementor-widget-wrap elementor-element-populated\">\n\t\t\t\t\t\t<div class=\"elementor-element elementor-element-6d287d86 elementor-widget elementor-widget-text-editor\" data-id=\"6d287d86\" data-element_type=\"widget\" data-e-type=\"widget\" data-widget_type=\"text-editor.default\">\n\t\t\t\t<div class=\"elementor-widget-container\">\n\t\t\t\t\t\t\t\t\t<h3>Technique<\/h3><p><em><strong>1080 p<\/strong><\/em><\/p><p><em><strong>couleur<\/strong><\/em><\/p><p><em><strong>24p<\/strong><\/em><\/p><p><em><strong>son 2.0<\/strong><\/em><\/p><p><em><strong>format image <b>1.78:1<\/b><\/strong><\/em><\/p><p><em><strong>dur\u00e9e 9 min 21<\/strong><\/em><\/p><p><em><strong>disponible en dcp<\/strong><\/em><\/p><h3>G\u00e9n\u00e9rique\u00a0<\/h3><p><span style=\"color: var( --e-global-color-text ); font-family: var( --e-global-typography-text-font-family ), Sans-serif; font-weight: var( --e-global-typography-text-font-weight );\">r\u00e9alisation\/photographie\/montage\/post : Fabien Legeron<\/span><\/p><p><span style=\"color: var( --e-global-color-text ); font-family: var( --e-global-typography-text-font-family ), Sans-serif; font-weight: var( --e-global-typography-text-font-weight );\">musique : <a href=\"http:\/\/www.brainsuckerband.com\/\" target=\"_blank\" rel=\"noopener\"><strong>bra!n\/suc#er<\/strong><\/a><\/span><\/p><p><span style=\"color: var( --e-global-color-text ); font-family: var( --e-global-typography-text-font-family ), Sans-serif; font-weight: var( --e-global-typography-text-font-weight );\">Remerciements sp\u00e9ciaux \u00e0 Guillaume, Magalie, Renan.<\/span><\/p><p><strong>Point Vu Point Pris 2015<\/strong><\/p>\t\t\t\t\t\t\t\t<\/div>\n\t\t\t\t<\/div>\n\t\t\t\t<div class=\"elementor-element elementor-element-59547f9c elementor-widget-divider--view-line elementor-widget elementor-widget-divider\" data-id=\"59547f9c\" data-element_type=\"widget\" data-e-type=\"widget\" data-widget_type=\"divider.default\">\n\t\t\t\t<div class=\"elementor-widget-container\">\n\t\t\t\t\t\t\t<div class=\"elementor-divider\">\n\t\t\t<span class=\"elementor-divider-separator\">\n\t\t\t\t\t\t<\/span>\n\t\t<\/div>\n\t\t\t\t\t\t<\/div>\n\t\t\t\t<\/div>\n\t\t\t\t<div class=\"elementor-element elementor-element-ad9c4d7 elementor-widget elementor-widget-text-editor\" data-id=\"ad9c4d7\" data-element_type=\"widget\" data-e-type=\"widget\" data-widget_type=\"text-editor.default\">\n\t\t\t\t<div class=\"elementor-widget-container\">\n\t\t\t\t\t\t\t\t\t<h3>Palmar\u00e8s\u00a0<\/h3><div class=\"wp-block-column is-layout-flow\"><div class=\"row\"><div class=\"grid-12\">S\u00e9lection &#8211; Travel Filmfest international film festival 2018<\/div><div>\u00a0<\/div><\/div><\/div><div>S\u00e9lection &#8211; MUNICH MUSIC VIDEO AWARDS 2023<\/div>\t\t\t\t\t\t\t\t<\/div>\n\t\t\t\t<\/div>\n\t\t\t\t<div class=\"elementor-element elementor-element-22ddae2 elementor-widget-divider--view-line elementor-widget elementor-widget-divider\" data-id=\"22ddae2\" data-element_type=\"widget\" data-e-type=\"widget\" data-widget_type=\"divider.default\">\n\t\t\t\t<div class=\"elementor-widget-container\">\n\t\t\t\t\t\t\t<div class=\"elementor-divider\">\n\t\t\t<span class=\"elementor-divider-separator\">\n\t\t\t\t\t\t<\/span>\n\t\t<\/div>\n\t\t\t\t\t\t<\/div>\n\t\t\t\t<\/div>\n\t\t\t\t<div class=\"elementor-element elementor-element-1a9cc70 elementor-widget elementor-widget-text-editor\" data-id=\"1a9cc70\" data-element_type=\"widget\" data-e-type=\"widget\" data-widget_type=\"text-editor.default\">\n\t\t\t\t<div class=\"elementor-widget-container\">\n\t\t\t\t\t\t\t\t\t<p>Pr\u00e9c\u00e9demment, pas mal de photos, de designs, et le <a href=\"http:\/\/www.brainsuckerband.com\/\" target=\"_blank\" rel=\"noopener\"><strong>site officiel du groupe<\/strong><\/a> avaient \u00e9t\u00e9 r\u00e9alis\u00e9s autour du premier album.<\/p>\t\t\t\t\t\t\t\t<\/div>\n\t\t\t\t<\/div>\n\t\t\t\t<div class=\"elementor-element elementor-element-fa7913a elementor-widget elementor-widget-image\" data-id=\"fa7913a\" data-element_type=\"widget\" data-e-type=\"widget\" data-widget_type=\"image.default\">\n\t\t\t\t<div class=\"elementor-widget-container\">\n\t\t\t\t\t\t\t\t\t\t\t\t\t\t\t\t<a href=\"http:\/\/www.brainsuckerband.com\/\" target=\"_blank\">\n\t\t\t\t\t\t\t<img decoding=\"async\" width=\"950\" height=\"511\" src=\"https:\/\/fabienlegeron.fr\/wp-content\/uploads\/2023\/05\/Capture3-1536x826-3-1024x551.png\" class=\"attachment-large size-large wp-image-738\" alt=\"\" srcset=\"https:\/\/fabienlegeron.fr\/wp-content\/uploads\/2023\/05\/Capture3-1536x826-3-1024x551.png 1024w, https:\/\/fabienlegeron.fr\/wp-content\/uploads\/2023\/05\/Capture3-1536x826-3-300x161.png 300w, https:\/\/fabienlegeron.fr\/wp-content\/uploads\/2023\/05\/Capture3-1536x826-3-768x413.png 768w, https:\/\/fabienlegeron.fr\/wp-content\/uploads\/2023\/05\/Capture3-1536x826-3-600x323.png 600w, https:\/\/fabienlegeron.fr\/wp-content\/uploads\/2023\/05\/Capture3-1536x826-3-1200x645.png 1200w, https:\/\/fabienlegeron.fr\/wp-content\/uploads\/2023\/05\/Capture3-1536x826-3.png 1536w\" sizes=\"100vw\" \/>\t\t\t\t\t\t\t\t<\/a>\n\t\t\t\t\t\t\t\t\t\t\t\t\t\t\t<\/div>\n\t\t\t\t<\/div>\n\t\t\t\t\t<\/div>\n\t\t<\/div>\n\t\t\t\t<div class=\"elementor-column elementor-col-50 elementor-inner-column elementor-element elementor-element-51900c4b\" data-id=\"51900c4b\" data-element_type=\"column\" data-e-type=\"column\">\n\t\t\t<div class=\"elementor-widget-wrap elementor-element-populated\">\n\t\t\t\t\t\t<div class=\"elementor-element elementor-element-2620ab49 elementor-widget elementor-widget-text-editor\" data-id=\"2620ab49\" data-element_type=\"widget\" data-e-type=\"widget\" data-widget_type=\"text-editor.default\">\n\t\t\t\t<div class=\"elementor-widget-container\">\n\t\t\t\t\t\t\t\t\t<h3>A PROPOS<\/h3><div class=\"wp-block-column is-layout-flow\"><div class=\"row\">L&rsquo;id\u00e9e de base, le spectrogramme \u00e0 faire d\u00e9filer, \u00e9tait plut\u00f4t simple \u00e0 obtenir.<\/div><div class=\"row\">Par contre filmer en train, c&rsquo;est moins marrant. Il a fallu trouver un moyen, avec l&rsquo;action cam, de filmer le d\u00e9filement des paysages sans les reflets des triples vitrages de TGV.<\/div><div>Un pod et un bout de carton taill\u00e9 en c\u00f4ne ont suffi pour \u00e7a. Maintenant ce genre de hood se vend en caoutchouc. J&rsquo;aurais d\u00fb breveter.<\/div><\/div>\t\t\t\t\t\t\t\t<\/div>\n\t\t\t\t<\/div>\n\t\t\t\t<div class=\"elementor-element elementor-element-3670886 elementor-widget elementor-widget-wpzoom-elementor-addons-slider\" data-id=\"3670886\" data-element_type=\"widget\" data-e-type=\"widget\" data-settings=\"{&quot;animation_speed&quot;:300,&quot;autoplay&quot;:&quot;yes&quot;,&quot;autoplay_speed&quot;:3000,&quot;loop&quot;:&quot;yes&quot;,&quot;slides_to_show&quot;:1,&quot;slides_to_show_tablet&quot;:1,&quot;slides_to_show_mobile&quot;:1,&quot;navigation&quot;:&quot;arrow&quot;}\" data-widget_type=\"wpzoom-elementor-addons-slider.default\">\n\t\t\t\t<div class=\"elementor-widget-container\">\n\t\t\t\t\t<div class=\"wpzjs-slick wpz-slick wpz-slick--slider\">\n\n\t\t\t\n\t\t\t\t<div class=\"wpz-slick-slide\">\n\n\t\t\t\t\t<div class=\"wpz-slick-item\">\n\n\t\t\t\t\t\t\t\t\t\t\t\t\t<img decoding=\"async\" class=\"wpz-slick-img\" src=\"https:\/\/fabienlegeron.fr\/wp-content\/uploads\/2023\/05\/IMG_20150805_152233-768x432.jpg\" alt=\"\">\n\t\t\t\t\t\t\n\t\t\t\t\t\t\n\t\t\t\t\t\t\n\t\t\t\t\t<\/div>\n\n\t\t\t\t<\/div>\n\n\t\t\t\n\t\t\t\t<div class=\"wpz-slick-slide\">\n\n\t\t\t\t\t<div class=\"wpz-slick-item\">\n\n\t\t\t\t\t\t\t\t\t\t\t\t\t<img decoding=\"async\" class=\"wpz-slick-img\" src=\"https:\/\/fabienlegeron.fr\/wp-content\/uploads\/2023\/05\/IMG_20150805_152326-768x432.jpg\" alt=\"\">\n\t\t\t\t\t\t\n\t\t\t\t\t\t\n\t\t\t\t\t\t\n\t\t\t\t\t<\/div>\n\n\t\t\t\t<\/div>\n\n\t\t\t\n\t\t<\/div>\n\n\t\t\t\t\t<button type=\"button\" class=\"slick-prev\"><i aria-hidden=\"true\" class=\"fas fa-chevron-left\"><\/i><\/button>\n\t\t\n\t\t\t\t\t<button type=\"button\" class=\"slick-next\"><i aria-hidden=\"true\" class=\"fas fa-chevron-right\"><\/i><\/button>\n\t\t\n\t\t\t\t\t\t<\/div>\n\t\t\t\t<\/div>\n\t\t\t\t<div class=\"elementor-element elementor-element-19ed86e elementor-widget-divider--view-line elementor-widget elementor-widget-divider\" data-id=\"19ed86e\" data-element_type=\"widget\" data-e-type=\"widget\" data-widget_type=\"divider.default\">\n\t\t\t\t<div class=\"elementor-widget-container\">\n\t\t\t\t\t\t\t<div class=\"elementor-divider\">\n\t\t\t<span class=\"elementor-divider-separator\">\n\t\t\t\t\t\t<\/span>\n\t\t<\/div>\n\t\t\t\t\t\t<\/div>\n\t\t\t\t<\/div>\n\t\t\t\t<div class=\"elementor-element elementor-element-94c1df5 elementor-widget elementor-widget-wp-widget-nav_menu\" data-id=\"94c1df5\" data-element_type=\"widget\" data-e-type=\"widget\" data-widget_type=\"wp-widget-nav_menu.default\">\n\t\t\t\t<div class=\"elementor-widget-container\">\n\t\t\t\t\t<h5>Aller voir d&rsquo;autres films :<\/h5><div class=\"menu-menu-cine-container\"><ul id=\"menu-menu-cine\" class=\"menu\"><li id=\"menu-item-4302\" class=\"menu-item menu-item-type-post_type menu-item-object-page menu-item-4302\"><a href=\"https:\/\/fabienlegeron.fr\/index.php\/du-cinematographe\/little-star\/\">MORGAN OF GLENCOE : LITTLE STAR<\/a><\/li>\n<li id=\"menu-item-504\" class=\"menu-item menu-item-type-post_type menu-item-object-page menu-item-504\"><a href=\"https:\/\/fabienlegeron.fr\/index.php\/du-cinematographe\/o\/\">O<\/a><\/li>\n<li id=\"menu-item-503\" class=\"menu-item menu-item-type-post_type menu-item-object-page menu-item-503\"><a href=\"https:\/\/fabienlegeron.fr\/index.php\/du-cinematographe\/les-revoltes-de-bohen\/\">Les R\u00e9volt\u00e9s de Bohen<\/a><\/li>\n<li id=\"menu-item-502\" class=\"menu-item menu-item-type-post_type menu-item-object-page menu-item-502\"><a href=\"https:\/\/fabienlegeron.fr\/index.php\/du-cinematographe\/playgroup-on-the-moon\/\">Playgroup on the Moon<\/a><\/li>\n<li id=\"menu-item-501\" class=\"menu-item menu-item-type-post_type menu-item-object-page menu-item-501\"><a href=\"https:\/\/fabienlegeron.fr\/index.php\/du-cinematographe\/tout-ce-qui-grouille-sous-la-mer-all-that-roams-below\/\">Tout ce qui Grouille Sous la Mer \/ All That Roams Below<\/a><\/li>\n<li id=\"menu-item-588\" class=\"menu-item menu-item-type-post_type menu-item-object-page menu-item-588\"><a href=\"https:\/\/fabienlegeron.fr\/index.php\/du-cinematographe\/brain-sucer-song-for-a-weeding\/\">Brain\/Suc#er : Song For a Weeding<\/a><\/li>\n<li id=\"menu-item-587\" class=\"menu-item menu-item-type-post_type menu-item-object-page menu-item-587\"><a href=\"https:\/\/fabienlegeron.fr\/index.php\/du-cinematographe\/blair-chocapic\/\">Blair : CHOCAPIC<\/a><\/li>\n<li id=\"menu-item-586\" class=\"menu-item menu-item-type-post_type menu-item-object-page menu-item-586\"><a href=\"https:\/\/fabienlegeron.fr\/index.php\/du-cinematographe\/pixel-prurit-wandering-in-the-bad-neighbourhood-of-town-keeping-a-knife-at-hand\/\">PIXEL PRURIT : Wandering in the Bad Neighbourhood of Town, Keeping a Knife At Hand<\/a><\/li>\n<li id=\"menu-item-585\" class=\"menu-item menu-item-type-post_type menu-item-object-page menu-item-585\"><a href=\"https:\/\/fabienlegeron.fr\/index.php\/du-cinematographe\/serieyx-corporate-church\/\">SERIEYX : Corporate Church<\/a><\/li>\n<li id=\"menu-item-584\" class=\"menu-item menu-item-type-post_type menu-item-object-page menu-item-584\"><a href=\"https:\/\/fabienlegeron.fr\/index.php\/du-cinematographe\/d-tress-3g\/\">D-TRESS 3G<\/a><\/li>\n<li id=\"menu-item-583\" class=\"menu-item menu-item-type-post_type menu-item-object-page menu-item-583\"><a href=\"https:\/\/fabienlegeron.fr\/index.php\/du-cinematographe\/1-2\/\">+1<\/a><\/li>\n<li id=\"menu-item-3467\" class=\"menu-item menu-item-type-post_type menu-item-object-page menu-item-3467\"><a href=\"https:\/\/fabienlegeron.fr\/index.php\/du-cinematographe\/non-non-et-non-action-boucheries-viandard\/\">Premiers Films<\/a><\/li>\n<li id=\"menu-item-500\" class=\"menu-item menu-item-type-post_type menu-item-object-page menu-item-500\"><a href=\"https:\/\/fabienlegeron.fr\/index.php\/du-cinematographe\/\">RETOUR AU CINEMATOGRAPHE<\/a><\/li>\n<\/ul><\/div>\t\t\t\t<\/div>\n\t\t\t\t<\/div>\n\t\t\t\t\t<\/div>\n\t\t<\/div>\n\t\t\t\t\t<\/div>\n\t\t<\/section>\n\t\t\t\t\t<\/div>\n\t\t<\/div>\n\t\t\t\t\t<\/div>\n\t\t<\/section>\n\t\t\t\t\t<\/div>\n\t\t<\/div>\n\t\t\t\t<div class=\"elementor-column elementor-col-25 elementor-top-column elementor-element elementor-element-2cfacbca\" data-id=\"2cfacbca\" data-element_type=\"column\" data-e-type=\"column\">\n\t\t\t<div class=\"elementor-widget-wrap\">\n\t\t\t\t\t\t\t<\/div>\n\t\t<\/div>\n\t\t\t\t\t<\/div>\n\t\t<\/section>\n\t\t\t\t<section class=\"elementor-section elementor-top-section elementor-element elementor-element-26cbe6f9 elementor-section-full_width elementor-section-stretched elementor-section-height-default elementor-section-height-default\" data-id=\"26cbe6f9\" data-element_type=\"section\" data-e-type=\"section\" data-settings=\"{&quot;stretch_section&quot;:&quot;section-stretched&quot;}\">\n\t\t\t\t\t\t<div class=\"elementor-container elementor-column-gap-default\">\n\t\t\t\t\t<div class=\"elementor-column elementor-col-33 elementor-top-column elementor-element elementor-element-444f2950\" data-id=\"444f2950\" data-element_type=\"column\" data-e-type=\"column\">\n\t\t\t<div class=\"elementor-widget-wrap\">\n\t\t\t\t\t\t\t<\/div>\n\t\t<\/div>\n\t\t\t\t<div class=\"elementor-column elementor-col-33 elementor-top-column elementor-element elementor-element-3eb58ef5\" data-id=\"3eb58ef5\" data-element_type=\"column\" data-e-type=\"column\">\n\t\t\t<div class=\"elementor-widget-wrap\">\n\t\t\t\t\t\t\t<\/div>\n\t\t<\/div>\n\t\t\t\t<div class=\"elementor-column elementor-col-33 elementor-top-column elementor-element elementor-element-3d2abd83\" data-id=\"3d2abd83\" data-element_type=\"column\" data-e-type=\"column\">\n\t\t\t<div class=\"elementor-widget-wrap\">\n\t\t\t\t\t\t\t<\/div>\n\t\t<\/div>\n\t\t\t\t\t<\/div>\n\t\t<\/section>\n\t\t\t\t<\/div>\n\t\t","protected":false},"excerpt":{"rendered":"<p>bra!n\/suc#er &#8211; Song For a Weeding Voyages sur un spectrograme. Clip pour le morceau \u00e9ponyme de bra!n\/suc#er. Technique 1080 p couleur 24p son 2.0 format image 1.78:1 dur\u00e9e 9 min 21 disponible en dcp G\u00e9n\u00e9rique\u00a0 r\u00e9alisation\/photographie\/montage\/post : Fabien Legeron musique : bra!n\/suc#er Remerciements sp\u00e9ciaux \u00e0 Guillaume, Magalie, Renan. Point Vu Point Pris 2015 Palmar\u00e8s\u00a0 S\u00e9lection &hellip; <\/p>\n<p class=\"link-more\"><a href=\"https:\/\/fabienlegeron.fr\/index.php\/du-cinematographe\/brain-sucer-song-for-a-weeding\/\" class=\"more-link\">Lire la suite de<span class=\"screen-reader-text\">\u00ab\u00a0Brain\/Suc#er : Song For a Weeding\u00a0\u00bb<\/span><\/a><\/p>\n","protected":false},"author":2,"featured_media":892,"parent":17,"menu_order":5,"comment_status":"closed","ping_status":"closed","template":"elementor_theme","meta":{"inspiro_hide_title":false,"footnotes":""},"class_list":["post-568","page","type-page","status-publish","has-post-thumbnail","hentry"],"featured_media_urls":{"thumbnail":["https:\/\/fabienlegeron.fr\/wp-content\/uploads\/2023\/05\/vlcsnap-2023-05-24-00h09m16s214-1-150x150.jpg",150,150,true],"medium":["https:\/\/fabienlegeron.fr\/wp-content\/uploads\/2023\/05\/vlcsnap-2023-05-24-00h09m16s214-1-300x125.jpg",300,125,true],"medium_large":["https:\/\/fabienlegeron.fr\/wp-content\/uploads\/2023\/05\/vlcsnap-2023-05-24-00h09m16s214-1-768x319.jpg",768,319,true],"large":["https:\/\/fabienlegeron.fr\/wp-content\/uploads\/2023\/05\/vlcsnap-2023-05-24-00h09m16s214-1-1024x426.jpg",950,395,true],"1536x1536":["https:\/\/fabienlegeron.fr\/wp-content\/uploads\/2023\/05\/vlcsnap-2023-05-24-00h09m16s214-1-1536x639.jpg",1536,639,true],"2048x2048":["https:\/\/fabienlegeron.fr\/wp-content\/uploads\/2023\/05\/vlcsnap-2023-05-24-00h09m16s214-1-2048x852.jpg",2048,852,true],"inspiro-featured-image":["https:\/\/fabienlegeron.fr\/wp-content\/uploads\/2023\/05\/vlcsnap-2023-05-24-00h09m16s214-1-2000x832.jpg",2000,832,true],"inspiro-loop":["https:\/\/fabienlegeron.fr\/wp-content\/uploads\/2023\/05\/vlcsnap-2023-05-24-00h09m16s214-1-950x320.jpg",950,320,true],"inspiro-loop@2x":["https:\/\/fabienlegeron.fr\/wp-content\/uploads\/2023\/05\/vlcsnap-2023-05-24-00h09m16s214-1-1900x640.jpg",1900,640,true],"portfolio_item-thumbnail":["https:\/\/fabienlegeron.fr\/wp-content\/uploads\/2023\/05\/vlcsnap-2023-05-24-00h09m16s214-1-600x400.jpg",600,400,true],"portfolio_item-thumbnail@2x":["https:\/\/fabienlegeron.fr\/wp-content\/uploads\/2023\/05\/vlcsnap-2023-05-24-00h09m16s214-1-1200x800.jpg",1200,800,true],"portfolio_item-masonry":["https:\/\/fabienlegeron.fr\/wp-content\/uploads\/2023\/05\/vlcsnap-2023-05-24-00h09m16s214-1-600x250.jpg",600,250,true],"portfolio_item-masonry@2x":["https:\/\/fabienlegeron.fr\/wp-content\/uploads\/2023\/05\/vlcsnap-2023-05-24-00h09m16s214-1-1200x499.jpg",1200,499,true],"portfolio_item-thumbnail_cinema":["https:\/\/fabienlegeron.fr\/wp-content\/uploads\/2023\/05\/vlcsnap-2023-05-24-00h09m16s214-1-800x335.jpg",800,335,true],"portfolio_item-thumbnail_portrait":["https:\/\/fabienlegeron.fr\/wp-content\/uploads\/2023\/05\/vlcsnap-2023-05-24-00h09m16s214-1-600x900.jpg",600,900,true],"portfolio_item-thumbnail_portrait@2x":["https:\/\/fabienlegeron.fr\/wp-content\/uploads\/2023\/05\/vlcsnap-2023-05-24-00h09m16s214-1-1200x998.jpg",1200,998,true],"portfolio_item-thumbnail_square":["https:\/\/fabienlegeron.fr\/wp-content\/uploads\/2023\/05\/vlcsnap-2023-05-24-00h09m16s214-1-800x800.jpg",800,800,true]},"_links":{"self":[{"href":"https:\/\/fabienlegeron.fr\/index.php\/wp-json\/wp\/v2\/pages\/568","targetHints":{"allow":["GET"]}}],"collection":[{"href":"https:\/\/fabienlegeron.fr\/index.php\/wp-json\/wp\/v2\/pages"}],"about":[{"href":"https:\/\/fabienlegeron.fr\/index.php\/wp-json\/wp\/v2\/types\/page"}],"author":[{"embeddable":true,"href":"https:\/\/fabienlegeron.fr\/index.php\/wp-json\/wp\/v2\/users\/2"}],"replies":[{"embeddable":true,"href":"https:\/\/fabienlegeron.fr\/index.php\/wp-json\/wp\/v2\/comments?post=568"}],"version-history":[{"count":20,"href":"https:\/\/fabienlegeron.fr\/index.php\/wp-json\/wp\/v2\/pages\/568\/revisions"}],"predecessor-version":[{"id":4836,"href":"https:\/\/fabienlegeron.fr\/index.php\/wp-json\/wp\/v2\/pages\/568\/revisions\/4836"}],"up":[{"embeddable":true,"href":"https:\/\/fabienlegeron.fr\/index.php\/wp-json\/wp\/v2\/pages\/17"}],"wp:featuredmedia":[{"embeddable":true,"href":"https:\/\/fabienlegeron.fr\/index.php\/wp-json\/wp\/v2\/media\/892"}],"wp:attachment":[{"href":"https:\/\/fabienlegeron.fr\/index.php\/wp-json\/wp\/v2\/media?parent=568"}],"curies":[{"name":"wp","href":"https:\/\/api.w.org\/{rel}","templated":true}]}}