{"id":208,"date":"2023-05-17T03:15:39","date_gmt":"2023-05-17T01:15:39","guid":{"rendered":"https:\/\/fabienlegeron.fr\/?page_id=208"},"modified":"2025-03-31T15:29:02","modified_gmt":"2025-03-31T13:29:02","slug":"les-revoltes-de-bohen","status":"publish","type":"page","link":"https:\/\/fabienlegeron.fr\/index.php\/du-cinematographe\/les-revoltes-de-bohen\/","title":{"rendered":"Les R\u00e9volt\u00e9s de Bohen"},"content":{"rendered":"\t\t<div data-elementor-type=\"wp-page\" data-elementor-id=\"208\" class=\"elementor elementor-208\">\n\t\t\t\t\t\t<section class=\"elementor-section elementor-top-section elementor-element elementor-element-3dd426ec elementor-section-full_width elementor-section-stretched elementor-section-height-default elementor-section-height-default\" data-id=\"3dd426ec\" data-element_type=\"section\" data-e-type=\"section\" data-settings=\"{&quot;stretch_section&quot;:&quot;section-stretched&quot;}\">\n\t\t\t\t\t\t<div class=\"elementor-container elementor-column-gap-default\">\n\t\t\t\t\t<div class=\"elementor-column elementor-col-33 elementor-top-column elementor-element elementor-element-a5ab510\" data-id=\"a5ab510\" data-element_type=\"column\" data-e-type=\"column\">\n\t\t\t<div class=\"elementor-widget-wrap\">\n\t\t\t\t\t\t\t<\/div>\n\t\t<\/div>\n\t\t\t\t<div class=\"elementor-column elementor-col-33 elementor-top-column elementor-element elementor-element-63b7f11c\" data-id=\"63b7f11c\" data-element_type=\"column\" data-e-type=\"column\">\n\t\t\t<div class=\"elementor-widget-wrap elementor-element-populated\">\n\t\t\t\t\t\t<div class=\"elementor-element elementor-element-70870121 elementor-widget elementor-widget-video\" data-id=\"70870121\" data-element_type=\"widget\" data-e-type=\"widget\" data-settings=\"{&quot;video_type&quot;:&quot;vimeo&quot;}\" data-widget_type=\"video.default\">\n\t\t\t\t<div class=\"elementor-widget-container\">\n\t\t\t\t\t\t\t<div class=\"elementor-wrapper elementor-open-inline\">\n\t\t\t<iframe class=\"elementor-video-iframe\" allowfullscreen allow=\"clipboard-write\" title=\"Lecteur vid\u00e9o vimeo\" src=\"https:\/\/player.vimeo.com\/video\/321727093?color&amp;autopause=0&amp;loop=0&amp;muted=0&amp;title=0&amp;portrait=0&amp;byline=0#t=\"><\/iframe>\t\t<\/div>\n\t\t\t\t\t\t<\/div>\n\t\t\t\t<\/div>\n\t\t\t\t\t<\/div>\n\t\t<\/div>\n\t\t\t\t<div class=\"elementor-column elementor-col-33 elementor-top-column elementor-element elementor-element-6af8e1d\" data-id=\"6af8e1d\" data-element_type=\"column\" data-e-type=\"column\">\n\t\t\t<div class=\"elementor-widget-wrap\">\n\t\t\t\t\t\t\t<\/div>\n\t\t<\/div>\n\t\t\t\t\t<\/div>\n\t\t<\/section>\n\t\t\t\t<section class=\"elementor-section elementor-top-section elementor-element elementor-element-378988c3 elementor-section-full_width elementor-section-stretched elementor-section-height-default elementor-section-height-default\" data-id=\"378988c3\" data-element_type=\"section\" data-e-type=\"section\" data-settings=\"{&quot;stretch_section&quot;:&quot;section-stretched&quot;}\">\n\t\t\t\t\t\t<div class=\"elementor-container elementor-column-gap-default\">\n\t\t\t\t\t<div class=\"elementor-column elementor-col-25 elementor-top-column elementor-element elementor-element-215998c3\" data-id=\"215998c3\" data-element_type=\"column\" data-e-type=\"column\">\n\t\t\t<div class=\"elementor-widget-wrap\">\n\t\t\t\t\t\t\t<\/div>\n\t\t<\/div>\n\t\t\t\t<div class=\"elementor-column elementor-col-25 elementor-top-column elementor-element elementor-element-147ad602\" data-id=\"147ad602\" data-element_type=\"column\" data-e-type=\"column\">\n\t\t\t<div class=\"elementor-widget-wrap elementor-element-populated\">\n\t\t\t\t\t\t<div class=\"elementor-element elementor-element-44cad0f elementor-widget elementor-widget-wpzoom-elementor-addons-slider\" data-id=\"44cad0f\" data-element_type=\"widget\" data-e-type=\"widget\" data-settings=\"{&quot;animation_speed&quot;:300,&quot;autoplay&quot;:&quot;yes&quot;,&quot;autoplay_speed&quot;:3000,&quot;loop&quot;:&quot;yes&quot;,&quot;slides_to_show&quot;:1,&quot;slides_to_show_tablet&quot;:1,&quot;slides_to_show_mobile&quot;:1,&quot;navigation&quot;:&quot;arrow&quot;}\" data-widget_type=\"wpzoom-elementor-addons-slider.default\">\n\t\t\t\t<div class=\"elementor-widget-container\">\n\t\t\t\t\t<div class=\"wpzjs-slick wpz-slick wpz-slick--slider\">\n\n\t\t\t\n\t\t\t\t<div class=\"wpz-slick-slide\">\n\n\t\t\t\t\t<div class=\"wpz-slick-item\">\n\n\t\t\t\t\t\t\t\t\t\t\t\t\t<img decoding=\"async\" class=\"wpz-slick-img\" src=\"https:\/\/fabienlegeron.fr\/wp-content\/uploads\/2023\/05\/bohen-affiche.jpg\" alt=\"\">\n\t\t\t\t\t\t\n\t\t\t\t\t\t\n\t\t\t\t\t\t\n\t\t\t\t\t<\/div>\n\n\t\t\t\t<\/div>\n\n\t\t\t\n\t\t\t\t<div class=\"wpz-slick-slide\">\n\n\t\t\t\t\t<div class=\"wpz-slick-item\">\n\n\t\t\t\t\t\t\t\t\t\t\t\t\t<img decoding=\"async\" class=\"wpz-slick-img\" src=\"https:\/\/fabienlegeron.fr\/wp-content\/uploads\/2023\/05\/61fI9LfN8eL.jpg\" alt=\"\">\n\t\t\t\t\t\t\n\t\t\t\t\t\t\n\t\t\t\t\t\t\n\t\t\t\t\t<\/div>\n\n\t\t\t\t<\/div>\n\n\t\t\t\n\t\t<\/div>\n\n\t\t\t\t\t<button type=\"button\" class=\"slick-prev\"><i aria-hidden=\"true\" class=\"fas fa-chevron-left\"><\/i><\/button>\n\t\t\n\t\t\t\t\t<button type=\"button\" class=\"slick-next\"><i aria-hidden=\"true\" class=\"fas fa-chevron-right\"><\/i><\/button>\n\t\t\n\t\t\t\t\t\t<\/div>\n\t\t\t\t<\/div>\n\t\t\t\t\t<\/div>\n\t\t<\/div>\n\t\t\t\t<div class=\"elementor-column elementor-col-25 elementor-top-column elementor-element elementor-element-4c248006\" data-id=\"4c248006\" data-element_type=\"column\" data-e-type=\"column\">\n\t\t\t<div class=\"elementor-widget-wrap elementor-element-populated\">\n\t\t\t\t\t\t<section class=\"elementor-section elementor-inner-section elementor-element elementor-element-6985c83a elementor-section-full_width elementor-section-height-default elementor-section-height-default\" data-id=\"6985c83a\" data-element_type=\"section\" data-e-type=\"section\">\n\t\t\t\t\t\t<div class=\"elementor-container elementor-column-gap-default\">\n\t\t\t\t\t<div class=\"elementor-column elementor-col-100 elementor-inner-column elementor-element elementor-element-49832337\" data-id=\"49832337\" data-element_type=\"column\" data-e-type=\"column\">\n\t\t\t<div class=\"elementor-widget-wrap elementor-element-populated\">\n\t\t\t\t\t\t<div class=\"elementor-element elementor-element-389adf84 elementor-drop-cap-yes elementor-drop-cap-view-default elementor-widget elementor-widget-text-editor\" data-id=\"389adf84\" data-element_type=\"widget\" data-e-type=\"widget\" data-settings=\"{&quot;drop_cap&quot;:&quot;yes&quot;}\" data-widget_type=\"text-editor.default\">\n\t\t\t\t<div class=\"elementor-widget-container\">\n\t\t\t\t\t\t\t\t\t<h1>Les R\u00e9volt\u00e9s de Bohen<\/h1>\t\t\t\t\t\t\t\t<\/div>\n\t\t\t\t<\/div>\n\t\t\t\t\t<\/div>\n\t\t<\/div>\n\t\t\t\t\t<\/div>\n\t\t<\/section>\n\t\t\t\t<section class=\"elementor-section elementor-inner-section elementor-element elementor-element-5cb328de elementor-section-full_width elementor-section-height-default elementor-section-height-default\" data-id=\"5cb328de\" data-element_type=\"section\" data-e-type=\"section\">\n\t\t\t\t\t\t<div class=\"elementor-container elementor-column-gap-default\">\n\t\t\t\t\t<div class=\"elementor-column elementor-col-100 elementor-inner-column elementor-element elementor-element-2d6bcd2d\" data-id=\"2d6bcd2d\" data-element_type=\"column\" data-e-type=\"column\">\n\t\t\t<div class=\"elementor-widget-wrap elementor-element-populated\">\n\t\t\t\t\t\t<div class=\"elementor-element elementor-element-d8a6993 elementor-widget elementor-widget-text-editor\" data-id=\"d8a6993\" data-element_type=\"widget\" data-e-type=\"widget\" data-widget_type=\"text-editor.default\">\n\t\t\t\t<div class=\"elementor-widget-container\">\n\t\t\t\t\t\t\t\t\t<p><em><strong>\u00ab\u00a0<\/strong><\/em><em style=\"color: var( --e-global-color-text ); font-family: var( --e-global-typography-text-font-family ), Sans-serif; font-weight: var( --e-global-typography-text-font-weight );\"><strong>Je ne vais pas vous narrer le combat glorieux de la R\u00e9volution triomphante, car ce combat-l\u00e0 n\u2019a jamais eu lieu. Les h\u00e9ros parfaits n\u2019existent que dans les bylines, et les insurg\u00e9s n\u2019\u00e9taient jamais que des hommes. Par contre je vais vous raconter comment nous avons continu\u00e9 \u00e0 y croire, m\u00eame dans les heures les plus sombres, m\u00eame quand nous n\u2019avions plus d\u2019espoir. Comment nous n\u2019avons jamais abandonn\u00e9.\u00a0\u00bb<\/strong><\/em><\/p><p>Teaser d&rsquo;annonce du nouveau roman d&rsquo;Estelle Faye, Les r\u00e9volt\u00e9s de Bohen, suite des Seigneurs de Bohen.<\/p>\t\t\t\t\t\t\t\t<\/div>\n\t\t\t\t<\/div>\n\t\t\t\t<div class=\"elementor-element elementor-element-368aca26 elementor-widget-divider--view-line elementor-widget elementor-widget-divider\" data-id=\"368aca26\" data-element_type=\"widget\" data-e-type=\"widget\" data-widget_type=\"divider.default\">\n\t\t\t\t<div class=\"elementor-widget-container\">\n\t\t\t\t\t\t\t<div class=\"elementor-divider\">\n\t\t\t<span class=\"elementor-divider-separator\">\n\t\t\t\t\t\t<\/span>\n\t\t<\/div>\n\t\t\t\t\t\t<\/div>\n\t\t\t\t<\/div>\n\t\t\t\t\t<\/div>\n\t\t<\/div>\n\t\t\t\t\t<\/div>\n\t\t<\/section>\n\t\t\t\t<section class=\"elementor-section elementor-inner-section elementor-element elementor-element-3850caf elementor-section-full_width elementor-section-height-default elementor-section-height-default\" data-id=\"3850caf\" data-element_type=\"section\" data-e-type=\"section\">\n\t\t\t\t\t\t<div class=\"elementor-container elementor-column-gap-default\">\n\t\t\t\t\t<div class=\"elementor-column elementor-col-50 elementor-inner-column elementor-element elementor-element-8c23bb6\" data-id=\"8c23bb6\" data-element_type=\"column\" data-e-type=\"column\">\n\t\t\t<div class=\"elementor-widget-wrap elementor-element-populated\">\n\t\t\t\t\t\t<div class=\"elementor-element elementor-element-760b3a2 elementor-widget elementor-widget-text-editor\" data-id=\"760b3a2\" data-element_type=\"widget\" data-e-type=\"widget\" data-widget_type=\"text-editor.default\">\n\t\t\t\t<div class=\"elementor-widget-container\">\n\t\t\t\t\t\t\t\t\t<h3>Technique<\/h3><p><em><strong>2K DCI<\/strong><\/em><\/p><p><em><strong>couleur<\/strong><\/em><\/p><p><em><strong>24p<\/strong><\/em><\/p><p><em><strong>son 2.0<\/strong><\/em><\/p><p><em><strong>format image 2<b>.35:1<\/b><\/strong><\/em><\/p><p><em><strong>dur\u00e9e 2 min 58<\/strong><\/em><\/p><h3>G\u00e9n\u00e9rique\u00a0<\/h3><p>Avec<\/p><p>Sienne Schneewitch : Magalie Fran\u00e7ois<\/p><p>La Voix de Sienne : C\u00e9cile Laforest<\/p><p>Texte : Estelle Faye<\/p><p>R\u00e9alisation &#8211; D\u00e9cors &#8211; Effets &#8211; Postproduction image et son : Fabien Legeron<\/p><p>Accessoires &#8211; Costumes &#8211; Bijoux : F Legeron &#8211; Suzanne Bourdet &#8211; Magalie Fran\u00e7ois<\/p><p>Assistance logistique : Guillaume Tailliez<\/p><p><strong><a href=\"https:\/\/www.pointvupointpris.fr\/\" target=\"_blank\" rel=\"noopener\">Point Vu Point Pris 2019\u00a0<\/a><\/strong>\u00a0pour CRITIC<\/p>\t\t\t\t\t\t\t\t<\/div>\n\t\t\t\t<\/div>\n\t\t\t\t\t<\/div>\n\t\t<\/div>\n\t\t\t\t<div class=\"elementor-column elementor-col-50 elementor-inner-column elementor-element elementor-element-467c77a\" data-id=\"467c77a\" data-element_type=\"column\" data-e-type=\"column\">\n\t\t\t<div class=\"elementor-widget-wrap elementor-element-populated\">\n\t\t\t\t\t\t<div class=\"elementor-element elementor-element-187dafa elementor-widget elementor-widget-text-editor\" data-id=\"187dafa\" data-element_type=\"widget\" data-e-type=\"widget\" data-widget_type=\"text-editor.default\">\n\t\t\t\t<div class=\"elementor-widget-container\">\n\t\t\t\t\t\t\t\t\t<h3>A PROPOS<\/h3><p>&#8211; Le livre sortait le 21 mars 2019 aux \u00e9ditions Critic : <strong><a href=\"http:\/\/editions.critic.fr\/les-revoltes-de-bohen.html\" target=\"_blank\" rel=\"noopener\">http:\/\/editions.critic.fr\/les-revoltes-de-bohen.html<\/a><\/strong><\/p><p>&#8211; Il est depuis aussi disponible en poche chez Folio SF : <a href=\"https:\/\/www.folio-lesite.fr\/Catalogue\/Folio\/Folio-SF\/Les-revoltes-de-Bohen#\" target=\"_blank\" rel=\"noopener\"><strong>https:\/\/www.folio-lesite.fr\/Catalogue\/Folio\/Folio-SF\/Les-revoltes-de-Bohen#<\/strong><\/a><\/p><p>&#8211;\u00a0<a href=\"https:\/\/www.estellefaye.fr\/butitsmyonlyline\/romans\/les-revoltes-de-bohen\/\" target=\"_blank\" rel=\"noopener\"><strong>Le livre sur le site de l&rsquo;autrice<\/strong><\/a><\/p><p>&#8211; La plupart des bijoux viennent de <a href=\"https:\/\/www.etsy.com\/fr\/shop\/Hellishead\" target=\"_blank\" rel=\"noopener\"><strong>Hellishead<\/strong><\/a><\/p>\t\t\t\t\t\t\t\t<\/div>\n\t\t\t\t<\/div>\n\t\t\t\t<div class=\"elementor-element elementor-element-59a335f elementor-widget elementor-widget-image\" data-id=\"59a335f\" data-element_type=\"widget\" data-e-type=\"widget\" data-widget_type=\"image.default\">\n\t\t\t\t<div class=\"elementor-widget-container\">\n\t\t\t\t\t\t\t\t\t\t\t\t<figure class=\"wp-caption\">\n\t\t\t\t\t\t\t\t\t\t<img fetchpriority=\"high\" decoding=\"async\" width=\"950\" height=\"634\" src=\"https:\/\/fabienlegeron.fr\/wp-content\/uploads\/2023\/05\/bohenREVOLTES-2-1024x683.jpg\" class=\"attachment-large size-large wp-image-234\" alt=\"\" srcset=\"https:\/\/fabienlegeron.fr\/wp-content\/uploads\/2023\/05\/bohenREVOLTES-2-1024x683.jpg 1024w, https:\/\/fabienlegeron.fr\/wp-content\/uploads\/2023\/05\/bohenREVOLTES-2-300x200.jpg 300w, https:\/\/fabienlegeron.fr\/wp-content\/uploads\/2023\/05\/bohenREVOLTES-2-768x512.jpg 768w, https:\/\/fabienlegeron.fr\/wp-content\/uploads\/2023\/05\/bohenREVOLTES-2-600x400.jpg 600w, https:\/\/fabienlegeron.fr\/wp-content\/uploads\/2023\/05\/bohenREVOLTES-2-1200x800.jpg 1200w, https:\/\/fabienlegeron.fr\/wp-content\/uploads\/2023\/05\/bohenREVOLTES-2.jpg 1500w\" sizes=\"100vw\" \/>\t\t\t\t\t\t\t\t\t\t\t<figcaption class=\"widget-image-caption wp-caption-text\">photo du livre pour le site d'Estelle Faye<\/figcaption>\n\t\t\t\t\t\t\t\t\t\t<\/figure>\n\t\t\t\t\t\t\t\t\t<\/div>\n\t\t\t\t<\/div>\n\t\t\t\t<div class=\"elementor-element elementor-element-1c74a4a elementor-widget elementor-widget-wp-widget-nav_menu\" data-id=\"1c74a4a\" data-element_type=\"widget\" data-e-type=\"widget\" data-widget_type=\"wp-widget-nav_menu.default\">\n\t\t\t\t<div class=\"elementor-widget-container\">\n\t\t\t\t\t<h5>Aller voir d&rsquo;autres films<\/h5><div class=\"menu-menu-cine-container\"><ul id=\"menu-menu-cine\" class=\"menu\"><li id=\"menu-item-4302\" class=\"menu-item menu-item-type-post_type menu-item-object-page menu-item-4302\"><a href=\"https:\/\/fabienlegeron.fr\/index.php\/du-cinematographe\/little-star\/\">MORGAN OF GLENCOE : LITTLE STAR<\/a><\/li>\n<li id=\"menu-item-504\" class=\"menu-item menu-item-type-post_type menu-item-object-page menu-item-504\"><a href=\"https:\/\/fabienlegeron.fr\/index.php\/du-cinematographe\/o\/\">O<\/a><\/li>\n<li id=\"menu-item-503\" class=\"menu-item menu-item-type-post_type menu-item-object-page menu-item-503\"><a href=\"https:\/\/fabienlegeron.fr\/index.php\/du-cinematographe\/les-revoltes-de-bohen\/\">Les R\u00e9volt\u00e9s de Bohen<\/a><\/li>\n<li id=\"menu-item-502\" class=\"menu-item menu-item-type-post_type menu-item-object-page menu-item-502\"><a href=\"https:\/\/fabienlegeron.fr\/index.php\/du-cinematographe\/playgroup-on-the-moon\/\">Playgroup on the Moon<\/a><\/li>\n<li id=\"menu-item-501\" class=\"menu-item menu-item-type-post_type menu-item-object-page menu-item-501\"><a href=\"https:\/\/fabienlegeron.fr\/index.php\/du-cinematographe\/tout-ce-qui-grouille-sous-la-mer-all-that-roams-below\/\">Tout ce qui Grouille Sous la Mer \/ All That Roams Below<\/a><\/li>\n<li id=\"menu-item-588\" class=\"menu-item menu-item-type-post_type menu-item-object-page menu-item-588\"><a href=\"https:\/\/fabienlegeron.fr\/index.php\/du-cinematographe\/brain-sucer-song-for-a-weeding\/\">Brain\/Suc#er : Song For a Weeding<\/a><\/li>\n<li id=\"menu-item-587\" class=\"menu-item menu-item-type-post_type menu-item-object-page menu-item-587\"><a href=\"https:\/\/fabienlegeron.fr\/index.php\/du-cinematographe\/blair-chocapic\/\">Blair : CHOCAPIC<\/a><\/li>\n<li id=\"menu-item-586\" class=\"menu-item menu-item-type-post_type menu-item-object-page menu-item-586\"><a href=\"https:\/\/fabienlegeron.fr\/index.php\/du-cinematographe\/pixel-prurit-wandering-in-the-bad-neighbourhood-of-town-keeping-a-knife-at-hand\/\">PIXEL PRURIT : Wandering in the Bad Neighbourhood of Town, Keeping a Knife At Hand<\/a><\/li>\n<li id=\"menu-item-585\" class=\"menu-item menu-item-type-post_type menu-item-object-page menu-item-585\"><a href=\"https:\/\/fabienlegeron.fr\/index.php\/du-cinematographe\/serieyx-corporate-church\/\">SERIEYX : Corporate Church<\/a><\/li>\n<li id=\"menu-item-584\" class=\"menu-item menu-item-type-post_type menu-item-object-page menu-item-584\"><a href=\"https:\/\/fabienlegeron.fr\/index.php\/du-cinematographe\/d-tress-3g\/\">D-TRESS 3G<\/a><\/li>\n<li id=\"menu-item-583\" class=\"menu-item menu-item-type-post_type menu-item-object-page menu-item-583\"><a href=\"https:\/\/fabienlegeron.fr\/index.php\/du-cinematographe\/1-2\/\">+1<\/a><\/li>\n<li id=\"menu-item-3467\" class=\"menu-item menu-item-type-post_type menu-item-object-page menu-item-3467\"><a href=\"https:\/\/fabienlegeron.fr\/index.php\/du-cinematographe\/non-non-et-non-action-boucheries-viandard\/\">Premiers Films<\/a><\/li>\n<li id=\"menu-item-500\" class=\"menu-item menu-item-type-post_type menu-item-object-page menu-item-500\"><a href=\"https:\/\/fabienlegeron.fr\/index.php\/du-cinematographe\/\">RETOUR AU CINEMATOGRAPHE<\/a><\/li>\n<\/ul><\/div>\t\t\t\t<\/div>\n\t\t\t\t<\/div>\n\t\t\t\t\t<\/div>\n\t\t<\/div>\n\t\t\t\t\t<\/div>\n\t\t<\/section>\n\t\t\t\t\t<\/div>\n\t\t<\/div>\n\t\t\t\t<div class=\"elementor-column elementor-col-25 elementor-top-column elementor-element elementor-element-b44bdf6\" data-id=\"b44bdf6\" data-element_type=\"column\" data-e-type=\"column\">\n\t\t\t<div class=\"elementor-widget-wrap\">\n\t\t\t\t\t\t\t<\/div>\n\t\t<\/div>\n\t\t\t\t\t<\/div>\n\t\t<\/section>\n\t\t\t\t<\/div>\n\t\t","protected":false},"excerpt":{"rendered":"<p>Les R\u00e9volt\u00e9s de Bohen \u00ab\u00a0Je ne vais pas vous narrer le combat glorieux de la R\u00e9volution triomphante, car ce combat-l\u00e0 n\u2019a jamais eu lieu. Les h\u00e9ros parfaits n\u2019existent que dans les bylines, et les insurg\u00e9s n\u2019\u00e9taient jamais que des hommes. Par contre je vais vous raconter comment nous avons continu\u00e9 \u00e0 y croire, m\u00eame dans &hellip; <\/p>\n<p class=\"link-more\"><a href=\"https:\/\/fabienlegeron.fr\/index.php\/du-cinematographe\/les-revoltes-de-bohen\/\" class=\"more-link\">Lire la suite de<span class=\"screen-reader-text\">\u00ab\u00a0Les R\u00e9volt\u00e9s de Bohen\u00a0\u00bb<\/span><\/a><\/p>\n","protected":false},"author":2,"featured_media":676,"parent":17,"menu_order":2,"comment_status":"closed","ping_status":"closed","template":"elementor_theme","meta":{"inspiro_hide_title":false,"footnotes":""},"class_list":["post-208","page","type-page","status-publish","has-post-thumbnail","hentry"],"featured_media_urls":{"thumbnail":["https:\/\/fabienlegeron.fr\/wp-content\/uploads\/2023\/05\/vlcsnap-2019-03-07-03h37m28s457-150x150.jpg",150,150,true],"medium":["https:\/\/fabienlegeron.fr\/wp-content\/uploads\/2023\/05\/vlcsnap-2019-03-07-03h37m28s457-300x126.jpg",300,126,true],"medium_large":["https:\/\/fabienlegeron.fr\/wp-content\/uploads\/2023\/05\/vlcsnap-2019-03-07-03h37m28s457-768x322.jpg",768,322,true],"large":["https:\/\/fabienlegeron.fr\/wp-content\/uploads\/2023\/05\/vlcsnap-2019-03-07-03h37m28s457-1024x429.jpg",950,398,true],"1536x1536":["https:\/\/fabienlegeron.fr\/wp-content\/uploads\/2023\/05\/vlcsnap-2019-03-07-03h37m28s457-1536x643.jpg",1536,643,true],"2048x2048":["https:\/\/fabienlegeron.fr\/wp-content\/uploads\/2023\/05\/vlcsnap-2019-03-07-03h37m28s457.jpg",1920,804,false],"inspiro-featured-image":["https:\/\/fabienlegeron.fr\/wp-content\/uploads\/2023\/05\/vlcsnap-2019-03-07-03h37m28s457.jpg",1920,804,false],"inspiro-loop":["https:\/\/fabienlegeron.fr\/wp-content\/uploads\/2023\/05\/vlcsnap-2019-03-07-03h37m28s457-950x320.jpg",950,320,true],"inspiro-loop@2x":["https:\/\/fabienlegeron.fr\/wp-content\/uploads\/2023\/05\/vlcsnap-2019-03-07-03h37m28s457-1900x640.jpg",1900,640,true],"portfolio_item-thumbnail":["https:\/\/fabienlegeron.fr\/wp-content\/uploads\/2023\/05\/vlcsnap-2019-03-07-03h37m28s457-600x400.jpg",600,400,true],"portfolio_item-thumbnail@2x":["https:\/\/fabienlegeron.fr\/wp-content\/uploads\/2023\/05\/vlcsnap-2019-03-07-03h37m28s457-1200x800.jpg",1200,800,true],"portfolio_item-masonry":["https:\/\/fabienlegeron.fr\/wp-content\/uploads\/2023\/05\/vlcsnap-2019-03-07-03h37m28s457-600x251.jpg",600,251,true],"portfolio_item-masonry@2x":["https:\/\/fabienlegeron.fr\/wp-content\/uploads\/2023\/05\/vlcsnap-2019-03-07-03h37m28s457-1200x503.jpg",1200,503,true],"portfolio_item-thumbnail_cinema":["https:\/\/fabienlegeron.fr\/wp-content\/uploads\/2023\/05\/vlcsnap-2019-03-07-03h37m28s457-800x335.jpg",800,335,true],"portfolio_item-thumbnail_portrait":["https:\/\/fabienlegeron.fr\/wp-content\/uploads\/2023\/05\/vlcsnap-2019-03-07-03h37m28s457-600x804.jpg",600,804,true],"portfolio_item-thumbnail_portrait@2x":["https:\/\/fabienlegeron.fr\/wp-content\/uploads\/2023\/05\/vlcsnap-2019-03-07-03h37m28s457-1200x804.jpg",1200,804,true],"portfolio_item-thumbnail_square":["https:\/\/fabienlegeron.fr\/wp-content\/uploads\/2023\/05\/vlcsnap-2019-03-07-03h37m28s457-800x800.jpg",800,800,true]},"_links":{"self":[{"href":"https:\/\/fabienlegeron.fr\/index.php\/wp-json\/wp\/v2\/pages\/208","targetHints":{"allow":["GET"]}}],"collection":[{"href":"https:\/\/fabienlegeron.fr\/index.php\/wp-json\/wp\/v2\/pages"}],"about":[{"href":"https:\/\/fabienlegeron.fr\/index.php\/wp-json\/wp\/v2\/types\/page"}],"author":[{"embeddable":true,"href":"https:\/\/fabienlegeron.fr\/index.php\/wp-json\/wp\/v2\/users\/2"}],"replies":[{"embeddable":true,"href":"https:\/\/fabienlegeron.fr\/index.php\/wp-json\/wp\/v2\/comments?post=208"}],"version-history":[{"count":28,"href":"https:\/\/fabienlegeron.fr\/index.php\/wp-json\/wp\/v2\/pages\/208\/revisions"}],"predecessor-version":[{"id":4812,"href":"https:\/\/fabienlegeron.fr\/index.php\/wp-json\/wp\/v2\/pages\/208\/revisions\/4812"}],"up":[{"embeddable":true,"href":"https:\/\/fabienlegeron.fr\/index.php\/wp-json\/wp\/v2\/pages\/17"}],"wp:featuredmedia":[{"embeddable":true,"href":"https:\/\/fabienlegeron.fr\/index.php\/wp-json\/wp\/v2\/media\/676"}],"wp:attachment":[{"href":"https:\/\/fabienlegeron.fr\/index.php\/wp-json\/wp\/v2\/media?parent=208"}],"curies":[{"name":"wp","href":"https:\/\/api.w.org\/{rel}","templated":true}]}}